{"id":2545,"date":"2022-01-10T13:14:14","date_gmt":"2022-01-10T20:14:14","guid":{"rendered":"https:\/\/www.caasnm.org\/bienestar-familiar\/"},"modified":"2022-01-10T13:14:15","modified_gmt":"2022-01-10T20:14:15","slug":"bienestar-familiar","status":"publish","type":"page","link":"https:\/\/www.caasnm.org\/es\/bienestar-familiar\/","title":{"rendered":"BIENESTAR FAMILIAR"},"content":{"rendered":"<p><div class=\"fusion-fullwidth fullwidth-box fusion-builder-row-1 fusion-flex-container fusion-parallax-none nonhundred-percent-fullwidth non-hundred-percent-height-scrolling\" style=\"--awb-border-radius-top-left:0px;--awb-border-radius-top-right:0px;--awb-border-radius-bottom-right:0px;--awb-border-radius-bottom-left:0px;--awb-padding-top:1%;--awb-padding-bottom:17%;--awb-background-image:url(&quot;http:\/\/www.caasnm.org\/wp-content\/uploads\/2021\/10\/CACFP-photo2-2.jpg&quot;);--awb-background-size:cover;--awb-flex-wrap:wrap;\" ><div class=\"fusion-builder-row fusion-row fusion-flex-align-items-flex-start fusion-flex-content-wrap\" style=\"max-width:calc( 1140px + 0px );margin-left: calc(-0px \/ 2 );margin-right: calc(-0px \/ 2 );\"><div class=\"fusion-layout-column fusion_builder_column fusion-builder-column-0 fusion_builder_column_1_1 1_1 fusion-flex-column fusion-animated\" style=\"--awb-bg-color:rgba(0,0,0,0.34);--awb-bg-color-hover:rgba(0,0,0,0.34);--awb-bg-position:center center;--awb-bg-size:cover;--awb-width-large:100%;--awb-margin-top-large:0px;--awb-spacing-right-large:0px;--awb-margin-bottom-large:0px;--awb-spacing-left-large:0px;--awb-width-medium:100%;--awb-order-medium:0;--awb-spacing-right-medium:0px;--awb-spacing-left-medium:0px;--awb-width-small:100%;--awb-order-small:0;--awb-spacing-right-small:0px;--awb-spacing-left-small:0px;\" data-animationType=\"fadeInUp\" data-animationDuration=\"1.0\" data-animationOffset=\"top-into-view\"><div class=\"fusion-column-wrapper fusion-column-has-shadow fusion-flex-justify-content-flex-start fusion-content-layout-column\"><div class=\"fusion-title title fusion-title-1 fusion-sep-none fusion-title-center fusion-title-text fusion-title-size-one\" style=\"--awb-text-color:rgba(255,255,255,0.9);--awb-margin-bottom:0px;--awb-margin-bottom-small:0px;\"><h1 class=\"fusion-title-heading title-heading-center fusion-responsive-typography-calculated\" style=\"margin:0;--fontSize:100;line-height:1.4;\"><span style=\"color: #e3d6c8;\">Bienstar Familiar<\/span><\/h1><\/div><\/div><\/div><\/div><\/div><div class=\"fusion-fullwidth fullwidth-box fusion-builder-row-2 fusion-flex-container nonhundred-percent-fullwidth non-hundred-percent-height-scrolling\" style=\"--awb-border-radius-top-left:0px;--awb-border-radius-top-right:0px;--awb-border-radius-bottom-right:0px;--awb-border-radius-bottom-left:0px;--awb-margin-top:5%;--awb-margin-bottom:5%;--awb-flex-wrap:wrap;\" ><div class=\"fusion-builder-row fusion-row fusion-flex-align-items-flex-start fusion-flex-content-wrap\" style=\"max-width:1185.6px;margin-left: calc(-4% \/ 2 );margin-right: calc(-4% \/ 2 );\"><div class=\"fusion-layout-column fusion_builder_column fusion-builder-column-1 fusion_builder_column_1_1 1_1 fusion-flex-column\" style=\"--awb-bg-size:cover;--awb-width-large:100%;--awb-margin-top-large:0px;--awb-spacing-right-large:1.92%;--awb-margin-bottom-large:0px;--awb-spacing-left-large:1.92%;--awb-width-medium:100%;--awb-order-medium:0;--awb-spacing-right-medium:1.92%;--awb-spacing-left-medium:1.92%;--awb-width-small:100%;--awb-order-small:0;--awb-spacing-right-small:1.92%;--awb-spacing-left-small:1.92%;\"><div class=\"fusion-column-wrapper fusion-column-has-shadow fusion-flex-justify-content-flex-start fusion-content-layout-column\"><div class=\"fusion-separator fusion-full-width-sep\" style=\"align-self: center;margin-left: auto;margin-right: auto;margin-bottom:5%;width:100%;\"><div class=\"fusion-separator-border sep-single sep-solid\" style=\"--awb-height:20px;--awb-amount:20px;--awb-sep-color:#000000;border-color:#000000;border-top-width:1px;\"><\/div><\/div><div class=\"fusion-text fusion-text-1\"><p>Los programas de <strong>Family Wellness, Bienestar Familiar<\/strong> de CAASNM trabajan con familias, proveedores de cuidado infantil en el hogar y centros de cuidado infantil autorizados para mejorar el acceso a comidas saludables y nutritivas para los ni\u00f1os y capacitar a los proveedores sobre temas de nutrici\u00f3n, ejercicio, seguridad y desarrollo infantil. <strong>El Programa de Child and Adult Food Programs, Cuidado de Alimentos para Ni\u00f1os y Adultos (CACFP, siglas en Ingl\u00e9s)<\/strong> es un programa administrado por el estado de Nuevo M\u00e9xico financiado con fondos federales que brinda servicios de reembolso por alimentos nutritivos para las personas que operan servicios de guarder\u00eda en sus hogares para ni\u00f1os y adultos con discapacidade La iniciativa <strong>Healthy Kids Healthy Preschool, Ni\u00f1os Saludables Preescolar Saludable<\/strong>, es una asociaci\u00f3n estatal para capacitar a los centros de cuidado infantil autorizados y brindarles un plan de acci\u00f3n para promover la alimentaci\u00f3n saludable, la actividad f\u00edsica, el tiempo de pantalla reducido y los recursos para la lactancia.<\/p>\n<p>La \u00faltima iniciativa bajo la bandera de Family Wellness, Bienestar Familiar es ahora el programa Thriving Kids Home Visiting, <strong>Pr\u00f3spera visita al hogar para ni\u00f1os<\/strong>. Este esfuerzo proporcionar\u00e1 una asociaci\u00f3n cr\u00edtica de habilidades para la vida para las familias de ni\u00f1os de 0 a 3 a\u00f1os que viven en el \u00e1rea rural de Gadsden, NM, y ahora ha sido financiado a trav\u00e9s de una subvenci\u00f3n importante durante cuatro a\u00f1os del Departamento de Ni\u00f1os, J\u00f3venes y Familias del Estado de Nuevo M\u00e9xico. Adoptando un modelo de educaci\u00f3n de la primera infancia reconocido a nivel nacional y basado en la evidencia, Padres como maestros, trae mentores de CAASNM al entorno del hogar para evaluar, educar y apoyar a las familias j\u00f3venes.<\/p>\n<\/div><\/div><\/div><\/div><\/div><div class=\"fusion-fullwidth fullwidth-box fusion-builder-row-3 fusion-flex-container nonhundred-percent-fullwidth non-hundred-percent-height-scrolling\" style=\"--awb-border-radius-top-left:0px;--awb-border-radius-top-right:0px;--awb-border-radius-bottom-right:0px;--awb-border-radius-bottom-left:0px;--awb-margin-top:5%;--awb-margin-bottom:5%;--awb-flex-wrap:wrap;\" ><div class=\"fusion-builder-row fusion-row fusion-flex-align-items-flex-start fusion-flex-content-wrap\" style=\"max-width:1185.6px;margin-left: calc(-4% \/ 2 );margin-right: calc(-4% \/ 2 );\"><div class=\"fusion-layout-column fusion_builder_column fusion-builder-column-2 fusion_builder_column_1_1 1_1 fusion-flex-column\" style=\"--awb-bg-size:cover;--awb-width-large:100%;--awb-margin-top-large:0px;--awb-spacing-right-large:1.92%;--awb-margin-bottom-large:0px;--awb-spacing-left-large:1.92%;--awb-width-medium:100%;--awb-order-medium:0;--awb-spacing-right-medium:1.92%;--awb-spacing-left-medium:1.92%;--awb-width-small:100%;--awb-order-small:0;--awb-spacing-right-small:1.92%;--awb-spacing-left-small:1.92%;\"><div class=\"fusion-column-wrapper fusion-column-has-shadow fusion-flex-justify-content-flex-start fusion-content-layout-column\"><div class=\"fusion-text fusion-text-2\"><p>El Community Action Agency of Southern New Mexico, anuncia el patrocinio del Child and Adult Food Program, Programa de Cuidado de Alimentos para Ni\u00f1os y Adultos. A todos los participantes presentes se les ofrecer\u00e1n las mismas comidas sin segregaci\u00f3n f\u00edsica u otra acci\u00f3n discriminatoria contra ninguna persona, Declaraci\u00f3n de no discriminaci\u00f3n: Esto explica qu\u00e9 hacer si cree que ha sido tratado injustamente. \u00abDe acuerdo con la Ley Federal y la pol\u00edtica del Departamento de Agricultura de los Estados Unidos, esta instituci\u00f3n tiene prohibido discriminar por motivos de raza, color, origen nacional, sexo, edad o discapacidad. Para presentar una queja de discriminaci\u00f3n, escriba a USDA, Director, Oficina de Adjudicaci\u00f3n, 1400 Independence Avenue, SW, Washington, D.C. 20250-9410 o llame al n\u00famero gratuito (866) 632-9992 (Voz). ). Las personas con discapacidad auditiva o con discapacidades del habla pueden comunicarse con el USDA a trav\u00e9s del Servicio Federal de Retransmisi\u00f3n al (800) 877-8339; o 845-6136 (espa\u00f1ol). El USDA (siglas en ingl\u00e9s) es un proveedor y empleador de igualdad de oportunidades.<\/p>\n<p style=\"text-align: center;\"><strong>STANDARDS FOR DETERMINING ELIGIBILITY <\/strong><br \/>\n<strong>(EFFECTIVE FROM JULY 1, 2021 TO JUNE 30, 2022)<\/strong><\/p>\n<\/div>\n<div class=\"table-1\">\n<table width=\"100%\">\n<thead>\n<tr>\n<th align=\"left\"><\/th>\n<th align=\"left\"><strong>FREE<\/strong><\/th>\n<th align=\"left\"><strong>FREE<\/strong><\/th>\n<th align=\"left\"><strong>FREE<\/strong><\/th>\n<th align=\"left\"><strong>FREE<\/strong><\/th>\n<th align=\"left\"><strong>REDUCED<\/strong><\/th>\n<th align=\"left\"><strong>REDUCED<\/strong><\/th>\n<th align=\"left\"><strong>REDUCED<\/strong><\/th>\n<th align=\"left\"><strong>REDUCED<\/strong><\/th>\n<\/tr>\n<\/thead>\n<tbody>\n<tr>\n<td align=\"left\"><strong>Household Size<\/strong><\/td>\n<td align=\"left\">YEAR<\/td>\n<td align=\"left\">MONTH<\/td>\n<td align=\"left\">EVERY 2 WEEKS<\/td>\n<td align=\"left\">WEEK<\/td>\n<td align=\"left\">YEAR<\/td>\n<td align=\"left\">MONTH<\/td>\n<td align=\"left\">EVERY 2 WEEKS<\/td>\n<td align=\"left\">WEEK<\/td>\n<\/tr>\n<tr>\n<td align=\"left\">1<\/td>\n<td align=\"left\">16,744<\/td>\n<td align=\"left\">1,396<\/td>\n<td align=\"left\">644<\/td>\n<td align=\"left\">322<\/td>\n<td align=\"left\">23,828<\/td>\n<td align=\"left\">1,986<\/td>\n<td align=\"left\">917<\/td>\n<td align=\"left\">459<\/td>\n<\/tr>\n<tr>\n<td align=\"left\">2<\/td>\n<td align=\"left\">22,646<\/td>\n<td align=\"left\">1,888<\/td>\n<td align=\"left\">871<\/td>\n<td align=\"left\">436<\/td>\n<td align=\"left\">32,227<\/td>\n<td align=\"left\">2,686<\/td>\n<td align=\"left\">1,240<\/td>\n<td align=\"left\">620<\/td>\n<\/tr>\n<tr>\n<td align=\"left\">3<\/td>\n<td align=\"left\">28,548<\/td>\n<td align=\"left\">2,379<\/td>\n<td align=\"left\">1,098<\/td>\n<td align=\"left\">549<\/td>\n<td align=\"left\">40,626<\/td>\n<td align=\"left\">3,386<\/td>\n<td align=\"left\">1,563<\/td>\n<td align=\"left\">782<\/td>\n<\/tr>\n<tr>\n<td align=\"left\">4<\/td>\n<td align=\"left\">34,450<\/td>\n<td align=\"left\">2,871<\/td>\n<td align=\"left\">1325<\/td>\n<td align=\"left\">663<\/td>\n<td align=\"left\">49,025<\/td>\n<td align=\"left\">4,086<\/td>\n<td align=\"left\">1,886<\/td>\n<td align=\"left\">943<\/td>\n<\/tr>\n<tr>\n<td align=\"left\">5<\/td>\n<td align=\"left\">40,352<\/td>\n<td align=\"left\">3,363<\/td>\n<td align=\"left\">1,552<\/td>\n<td align=\"left\">776<\/td>\n<td align=\"left\">57,424<\/td>\n<td align=\"left\">4,786<\/td>\n<td align=\"left\">2,209<\/td>\n<td align=\"left\">1,105<\/td>\n<\/tr>\n<tr>\n<td align=\"left\">6<\/td>\n<td align=\"left\">46,254<\/td>\n<td align=\"left\">3,855<\/td>\n<td align=\"left\">1,779<\/td>\n<td align=\"left\">890<\/td>\n<td align=\"left\">65,823<\/td>\n<td align=\"left\">5,486<\/td>\n<td align=\"left\">2,532<\/td>\n<td align=\"left\">1,266<\/td>\n<\/tr>\n<tr>\n<td align=\"left\">7<\/td>\n<td align=\"left\">52,156<\/td>\n<td align=\"left\">4,347<\/td>\n<td align=\"left\">2,006<\/td>\n<td align=\"left\">1,003<\/td>\n<td align=\"left\">74,222<\/td>\n<td align=\"left\">6,186<\/td>\n<td align=\"left\">2,855<\/td>\n<td align=\"left\">1,428<\/td>\n<\/tr>\n<tr>\n<td align=\"left\">8<\/td>\n<td align=\"left\">58.058<\/td>\n<td align=\"left\">4,839<\/td>\n<td align=\"left\">2,233<\/td>\n<td align=\"left\">1,117<\/td>\n<td align=\"left\">82,621<\/td>\n<td align=\"left\">6,886<\/td>\n<td align=\"left\">3,178<\/td>\n<td align=\"left\">1,580<\/td>\n<\/tr>\n<tr>\n<td align=\"left\">For each additional family member<\/td>\n<td align=\"left\">+5902<\/td>\n<td align=\"left\">+492<\/td>\n<td align=\"left\">+227<\/td>\n<td align=\"left\">+114<\/td>\n<td align=\"left\">+8,399<\/td>\n<td align=\"left\">+700<\/td>\n<td align=\"left\">+324<\/td>\n<td align=\"left\">+162<\/td>\n<\/tr>\n<\/tbody>\n<\/table>\n<\/div>\n<div class=\"fusion-text fusion-text-3\" style=\"--awb-text-transform:none;\"><p>Meals will be provided at:<\/p>\n<p>Arcoiris Development Center, LLC &#8211; 2697 McNutt, Sunland Park, NM 88063 5380 McNutt, Santa Teresa NM 88008<\/p>\n<p>Arcoiris Development Center LLC 2 &#8211; 201 Dale Scott Ave., Alamogordo NM 88310<\/p>\n<p>Boys &amp; Girls Club of Otero County &#8211; 1190 Foster Road, Las Cruces, NM 88001<\/p>\n<p>Kidz Quest Academy -130 W. Madrid Ave. Las Cruces NM 88005<\/p>\n<p>Little Amigos Child Development Center Little Angels Daycare Center &#8211; 201 East A Street, Lordsburg, NM 88045<\/p>\n<p>Little Friends Pre-School &amp; Child Care Center &#8211; 121 Wyatt Dr., Las Cruces NM 88005<\/p>\n<p>Tiny Station Learning Center &#8211; 102 Carver Rd. Las Cruces NM 88001<\/p>\n<p>Children in Need of Services- Children\u2019s House &#8211; 2598 Medical Drive, Alamogordo NM 88310<\/p>\n<p>Children in Need of Services- Full House &#8211; 1815 N. Florida, Alamogordo NM 88310<\/p>\n<p>Children in Need of Services- Full House Too &#8211; 211 N. Florida Ave., Alamogordo NM 88310<\/p>\n<p>Children in Need of Services- The Launch Pad &#8211; 301 Texas Ave., Alamogordo NM 88310<\/p>\n<p>Smart Start Learning Center &#8211; 2920 Maese Ln., Las Cruces NM 88007<\/p>\n<p>Charlotte\u2019s Place Preschool &#8211; 3100 Oak St. Las Cruces NM 88005<\/p>\n<p>Media Submitted To: Date of Submission<\/p>\n<p><u>CAASNM Website<\/u> <u>December 3, 2021<\/u><\/p>\n<\/div><\/div><\/div><\/div><\/div><div class=\"fusion-fullwidth fullwidth-box fusion-builder-row-4 fusion-flex-container nonhundred-percent-fullwidth non-hundred-percent-height-scrolling\" style=\"--awb-border-radius-top-left:0px;--awb-border-radius-top-right:0px;--awb-border-radius-bottom-right:0px;--awb-border-radius-bottom-left:0px;--awb-margin-top:-2%;--awb-flex-wrap:wrap;\" ><div class=\"fusion-builder-row fusion-row fusion-flex-align-items-center fusion-flex-justify-content-center fusion-flex-content-wrap\" style=\"max-width:1185.6px;margin-left: calc(-4% \/ 2 );margin-right: calc(-4% \/ 2 );\"><div class=\"fusion-layout-column fusion_builder_column fusion-builder-column-3 fusion_builder_column_1_1 1_1 fusion-flex-column\" style=\"--awb-bg-size:cover;--awb-width-large:100%;--awb-margin-top-large:0px;--awb-spacing-right-large:1.92%;--awb-margin-bottom-large:0px;--awb-spacing-left-large:1.92%;--awb-width-medium:100%;--awb-order-medium:0;--awb-spacing-right-medium:1.92%;--awb-spacing-left-medium:1.92%;--awb-width-small:100%;--awb-order-small:0;--awb-spacing-right-small:1.92%;--awb-spacing-left-small:1.92%;\"><div class=\"fusion-column-wrapper fusion-column-has-shadow fusion-flex-justify-content-flex-start fusion-content-layout-column\"><div class=\"fusion-section-separator section-separator hills-opacity fusion-section-separator-1\" style=\"--awb-spacer-padding-top:17.7734375%;--awb-svg-margin-left:1.92%;--awb-svg-margin-right:1.92%;--awb-svg-margin-left-medium:1.92%;--awb-svg-margin-right-medium:1.92%;--awb-svg-margin-left-small:1.92%;--awb-svg-margin-right-small:1.92%;--awb-sep-font-size:0;--awb-sep-line-height:0;\"><div class=\"fusion-section-separator-svg\"><svg class=\"fusion-hills-opacity-candy\" xmlns=\"http:\/\/www.w3.org\/2000\/svg\" version=\"1.1\" width=\"100%\" viewBox=\"0 -0.5 1024 182\" preserveAspectRatio=\"none\" fill=\"rgba(41,47,54,1)\"><path class=\"st0\" d=\"M0 182.086h1024V41.593c-28.058-21.504-60.109-37.581-97.075-37.581-112.845 0-198.144 93.798-289.792 93.798S437.658 6.777 351.846 6.777s-142.234 82.125-238.49 82.125c-63.078 0-75.776-31.744-113.357-53.658L0 182.086z\"\/>\n\t\t\t\t\t\t\t\t\t<path class=\"st1\" d=\"M1024 181.062v-75.878c-39.731 15.872-80.794 27.341-117.658 25.805-110.387-4.506-191.795-109.773-325.53-116.224-109.158-5.12-344.166 120.115-429.466 166.298H1024v-.001z\"\/>\n\t\t\t\t\t\t\t\t\t<path class=\"st2\" d=\"M0 182.086h1024V90.028C966.451 59.103 907.059 16.3 824.115 15.071 690.278 13.023 665.19 102.93 482.099 102.93S202.138-1.62 74.24.019C46.49.326 21.811 4.217 0 9.849v172.237z\"\/>\n\t\t\t\t\t\t\t\t\t<path class=\"st3\" d=\"M0 182.086h1024V80.505c-37.171 19.558-80.691 35.328-139.571 36.25-151.142 2.355-141.619-28.57-298.496-29.184s-138.854 47.002-305.459 43.725C132.813 128.428 91.238 44.563 0 28.179v153.907z\"\/>\n\t\t\t\t\t\t\t\t\t<path class=\"st4\" d=\"M0 182.086h1024v-77.312c-49.05 20.07-120.525 42.394-193.229 42.086-128.922-.512-159.846-72.294-255.795-72.294-89.088 0-134.656 80.179-245.043 82.022S169.063 99.346 49.971 97.401C32.768 97.094 16.077 99.244 0 103.135v78.951z\"\/>\n\t\t\t\t\t\t\t\t<\/svg><\/div><div class=\"fusion-section-separator-spacer\"><div class=\"fusion-section-separator-spacer-height\"><\/div><\/div><\/div><\/div><\/div><\/div><\/div>\n<\/p>\n","protected":false},"excerpt":{"rendered":"","protected":false},"author":1,"featured_media":0,"parent":0,"menu_order":0,"comment_status":"closed","ping_status":"closed","template":"100-width.php","meta":{"_acf_changed":false,"footnotes":""},"class_list":["post-2545","page","type-page","status-publish","hentry"],"acf":[],"yoast_head":"<!-- This site is optimized with the Yoast SEO plugin v27.5 - https:\/\/yoast.com\/product\/yoast-seo-wordpress\/ -->\n<title>BIENESTAR FAMILIAR - Community Action Agency of Southern New Mexico<\/title>\n<meta name=\"robots\" content=\"index, follow, max-snippet:-1, max-image-preview:large, max-video-preview:-1\" \/>\n<link rel=\"canonical\" href=\"https:\/\/www.caasnm.org\/es\/bienestar-familiar\/\" \/>\n<meta property=\"og:locale\" content=\"es_ES\" \/>\n<meta property=\"og:type\" content=\"article\" \/>\n<meta property=\"og:title\" content=\"BIENESTAR FAMILIAR - Community Action Agency of Southern New Mexico\" \/>\n<meta property=\"og:url\" content=\"https:\/\/www.caasnm.org\/es\/bienestar-familiar\/\" \/>\n<meta property=\"og:site_name\" content=\"Community Action Agency of Southern New Mexico\" \/>\n<meta property=\"article:modified_time\" content=\"2022-01-10T20:14:15+00:00\" \/>\n<meta name=\"twitter:card\" content=\"summary_large_image\" \/>\n<meta name=\"twitter:label1\" content=\"Tiempo de lectura\" \/>\n\t<meta name=\"twitter:data1\" content=\"12 minutos\" \/>\n<script type=\"application\/ld+json\" class=\"yoast-schema-graph\">{\"@context\":\"https:\\\/\\\/schema.org\",\"@graph\":[{\"@type\":\"WebPage\",\"@id\":\"https:\\\/\\\/www.caasnm.org\\\/es\\\/bienestar-familiar\\\/\",\"url\":\"https:\\\/\\\/www.caasnm.org\\\/es\\\/bienestar-familiar\\\/\",\"name\":\"BIENESTAR FAMILIAR - Community Action Agency of Southern New Mexico\",\"isPartOf\":{\"@id\":\"https:\\\/\\\/www.caasnm.org\\\/es\\\/#website\"},\"datePublished\":\"2022-01-10T20:14:14+00:00\",\"dateModified\":\"2022-01-10T20:14:15+00:00\",\"breadcrumb\":{\"@id\":\"https:\\\/\\\/www.caasnm.org\\\/es\\\/bienestar-familiar\\\/#breadcrumb\"},\"inLanguage\":\"es\",\"potentialAction\":[{\"@type\":\"ReadAction\",\"target\":[\"https:\\\/\\\/www.caasnm.org\\\/es\\\/bienestar-familiar\\\/\"]}]},{\"@type\":\"BreadcrumbList\",\"@id\":\"https:\\\/\\\/www.caasnm.org\\\/es\\\/bienestar-familiar\\\/#breadcrumb\",\"itemListElement\":[{\"@type\":\"ListItem\",\"position\":1,\"name\":\"Home\",\"item\":\"https:\\\/\\\/www.caasnm.org\\\/es\\\/\"},{\"@type\":\"ListItem\",\"position\":2,\"name\":\"BIENESTAR FAMILIAR\"}]},{\"@type\":\"WebSite\",\"@id\":\"https:\\\/\\\/www.caasnm.org\\\/es\\\/#website\",\"url\":\"https:\\\/\\\/www.caasnm.org\\\/es\\\/\",\"name\":\"Community Action Agency of Southern New Mexico\",\"description\":\"Thriving, Equitable Communities\",\"potentialAction\":[{\"@type\":\"SearchAction\",\"target\":{\"@type\":\"EntryPoint\",\"urlTemplate\":\"https:\\\/\\\/www.caasnm.org\\\/es\\\/?s={search_term_string}\"},\"query-input\":{\"@type\":\"PropertyValueSpecification\",\"valueRequired\":true,\"valueName\":\"search_term_string\"}}],\"inLanguage\":\"es\"}]}<\/script>\n<!-- \/ Yoast SEO plugin. -->","yoast_head_json":{"title":"BIENESTAR FAMILIAR - Community Action Agency of Southern New Mexico","robots":{"index":"index","follow":"follow","max-snippet":"max-snippet:-1","max-image-preview":"max-image-preview:large","max-video-preview":"max-video-preview:-1"},"canonical":"https:\/\/www.caasnm.org\/es\/bienestar-familiar\/","og_locale":"es_ES","og_type":"article","og_title":"BIENESTAR FAMILIAR - Community Action Agency of Southern New Mexico","og_url":"https:\/\/www.caasnm.org\/es\/bienestar-familiar\/","og_site_name":"Community Action Agency of Southern New Mexico","article_modified_time":"2022-01-10T20:14:15+00:00","twitter_card":"summary_large_image","twitter_misc":{"Tiempo de lectura":"12 minutos"},"schema":{"@context":"https:\/\/schema.org","@graph":[{"@type":"WebPage","@id":"https:\/\/www.caasnm.org\/es\/bienestar-familiar\/","url":"https:\/\/www.caasnm.org\/es\/bienestar-familiar\/","name":"BIENESTAR FAMILIAR - Community Action Agency of Southern New Mexico","isPartOf":{"@id":"https:\/\/www.caasnm.org\/es\/#website"},"datePublished":"2022-01-10T20:14:14+00:00","dateModified":"2022-01-10T20:14:15+00:00","breadcrumb":{"@id":"https:\/\/www.caasnm.org\/es\/bienestar-familiar\/#breadcrumb"},"inLanguage":"es","potentialAction":[{"@type":"ReadAction","target":["https:\/\/www.caasnm.org\/es\/bienestar-familiar\/"]}]},{"@type":"BreadcrumbList","@id":"https:\/\/www.caasnm.org\/es\/bienestar-familiar\/#breadcrumb","itemListElement":[{"@type":"ListItem","position":1,"name":"Home","item":"https:\/\/www.caasnm.org\/es\/"},{"@type":"ListItem","position":2,"name":"BIENESTAR FAMILIAR"}]},{"@type":"WebSite","@id":"https:\/\/www.caasnm.org\/es\/#website","url":"https:\/\/www.caasnm.org\/es\/","name":"Community Action Agency of Southern New Mexico","description":"Thriving, Equitable Communities","potentialAction":[{"@type":"SearchAction","target":{"@type":"EntryPoint","urlTemplate":"https:\/\/www.caasnm.org\/es\/?s={search_term_string}"},"query-input":{"@type":"PropertyValueSpecification","valueRequired":true,"valueName":"search_term_string"}}],"inLanguage":"es"}]}},"publishpress_future_action":{"enabled":false,"date":"2026-05-06 05:25:28","action":"change-status","newStatus":"draft","terms":[],"taxonomy":"translation_priority","extraData":[]},"publishpress_future_workflow_manual_trigger":{"enabledWorkflows":[]},"_links":{"self":[{"href":"https:\/\/www.caasnm.org\/es\/wp-json\/wp\/v2\/pages\/2545","targetHints":{"allow":["GET"]}}],"collection":[{"href":"https:\/\/www.caasnm.org\/es\/wp-json\/wp\/v2\/pages"}],"about":[{"href":"https:\/\/www.caasnm.org\/es\/wp-json\/wp\/v2\/types\/page"}],"author":[{"embeddable":true,"href":"https:\/\/www.caasnm.org\/es\/wp-json\/wp\/v2\/users\/1"}],"replies":[{"embeddable":true,"href":"https:\/\/www.caasnm.org\/es\/wp-json\/wp\/v2\/comments?post=2545"}],"version-history":[{"count":2,"href":"https:\/\/www.caasnm.org\/es\/wp-json\/wp\/v2\/pages\/2545\/revisions"}],"predecessor-version":[{"id":2547,"href":"https:\/\/www.caasnm.org\/es\/wp-json\/wp\/v2\/pages\/2545\/revisions\/2547"}],"wp:attachment":[{"href":"https:\/\/www.caasnm.org\/es\/wp-json\/wp\/v2\/media?parent=2545"}],"curies":[{"name":"wp","href":"https:\/\/api.w.org\/{rel}","templated":true}]}}