{"id":2314,"date":"2022-01-06T12:10:14","date_gmt":"2022-01-06T19:10:14","guid":{"rendered":"https:\/\/www.caasnm.org\/empoderamiento-familiar\/"},"modified":"2022-01-07T08:23:56","modified_gmt":"2022-01-07T15:23:56","slug":"empoderamiento-familiar","status":"publish","type":"page","link":"https:\/\/www.caasnm.org\/es\/empoderamiento-familiar\/","title":{"rendered":"EMPODERAMIENTO FAMILIAR"},"content":{"rendered":"<p><div class=\"fusion-fullwidth fullwidth-box fusion-builder-row-1 fusion-flex-container fusion-parallax-none nonhundred-percent-fullwidth non-hundred-percent-height-scrolling\" style=\"--awb-border-radius-top-left:0px;--awb-border-radius-top-right:0px;--awb-border-radius-bottom-right:0px;--awb-border-radius-bottom-left:0px;--awb-padding-top:1%;--awb-padding-bottom:17%;--awb-background-image:url(&quot;http:\/\/www.caasnm.org\/wp-content\/uploads\/2021\/10\/DSC_0010_19-2-scaled.jpg&quot;);--awb-background-size:cover;--awb-flex-wrap:wrap;\" ><div class=\"fusion-builder-row fusion-row fusion-flex-align-items-flex-start fusion-flex-content-wrap\" style=\"max-width:calc( 1140px + 0px );margin-left: calc(-0px \/ 2 );margin-right: calc(-0px \/ 2 );\"><div class=\"fusion-layout-column fusion_builder_column fusion-builder-column-0 fusion_builder_column_1_1 1_1 fusion-flex-column fusion-animated\" style=\"--awb-bg-color:rgba(0,0,0,0.34);--awb-bg-color-hover:rgba(0,0,0,0.34);--awb-bg-position:center center;--awb-bg-size:cover;--awb-width-large:100%;--awb-margin-top-large:0px;--awb-spacing-right-large:0px;--awb-margin-bottom-large:0px;--awb-spacing-left-large:0px;--awb-width-medium:100%;--awb-order-medium:0;--awb-spacing-right-medium:0px;--awb-spacing-left-medium:0px;--awb-width-small:100%;--awb-order-small:0;--awb-spacing-right-small:0px;--awb-spacing-left-small:0px;\" data-animationType=\"fadeInUp\" data-animationDuration=\"1.0\" data-animationOffset=\"top-into-view\"><div class=\"fusion-column-wrapper fusion-column-has-shadow fusion-flex-justify-content-flex-start fusion-content-layout-column\"><div class=\"fusion-title title fusion-title-1 fusion-sep-none fusion-title-center fusion-title-text fusion-title-size-one\" style=\"--awb-margin-bottom:0px;--awb-margin-bottom-small:0px;\"><h1 class=\"fusion-title-heading title-heading-center fusion-responsive-typography-calculated\" style=\"margin:0;--fontSize:100;line-height:1.4;\"><span style=\"color: #e3d6c8\">EMPODERAMIENTO FAMILIAR<\/span><\/h1><\/div><\/div><\/div><\/div><\/div><div class=\"fusion-fullwidth fullwidth-box fusion-builder-row-2 fusion-flex-container nonhundred-percent-fullwidth non-hundred-percent-height-scrolling\" style=\"--awb-border-radius-top-left:0px;--awb-border-radius-top-right:0px;--awb-border-radius-bottom-right:0px;--awb-border-radius-bottom-left:0px;--awb-margin-top:5%;--awb-margin-bottom:5%;--awb-flex-wrap:wrap;\" ><div class=\"fusion-builder-row fusion-row fusion-flex-align-items-flex-start fusion-flex-content-wrap\" style=\"max-width:1185.6px;margin-left: calc(-4% \/ 2 );margin-right: calc(-4% \/ 2 );\"><div class=\"fusion-layout-column fusion_builder_column fusion-builder-column-1 fusion_builder_column_1_1 1_1 fusion-flex-column\" style=\"--awb-bg-size:cover;--awb-width-large:100%;--awb-margin-top-large:0px;--awb-spacing-right-large:1.92%;--awb-margin-bottom-large:0px;--awb-spacing-left-large:1.92%;--awb-width-medium:100%;--awb-order-medium:0;--awb-spacing-right-medium:1.92%;--awb-spacing-left-medium:1.92%;--awb-width-small:100%;--awb-order-small:0;--awb-spacing-right-small:1.92%;--awb-spacing-left-small:1.92%;\"><div class=\"fusion-column-wrapper fusion-column-has-shadow fusion-flex-justify-content-flex-start fusion-content-layout-column\"><div class=\"fusion-separator fusion-full-width-sep\" style=\"align-self: center;margin-left: auto;margin-right: auto;margin-bottom:5%;width:100%;\"><div class=\"fusion-separator-border sep-single sep-solid\" style=\"--awb-height:20px;--awb-amount:20px;--awb-sep-color:#000000;border-color:#000000;border-top-width:1px;\"><\/div><\/div><div class=\"fusion-text fusion-text-1\"><p><strong>El pilar de Empoderamiento Familiar de CAASNM ayuda a las familias a convertirse en autodefensores informados al proporcionar programas y servicios que les permiten involucrarse en la comunidad y mejorar su calidad de vida econ\u00f3mica.<\/strong><\/p>\n<p><strong>Las clases gratuitas de alfabetizaci\u00f3n inform\u00e1tica permiten a los clientes obtener capacitaci\u00f3n t\u00e9cnica para que puedan aprender habilidades inform\u00e1ticas b\u00e1sicas, incluida la solicitud de empleos.<\/strong> CAASNM cree que estas habilidades son vitales para que los miembros de nuestra comunidad se conviertan y contin\u00faen teniendo \u00e9xito en su viaje hacia la autosuficiencia.<\/p>\n<p><strong>Las clases de educaci\u00f3n financiera ense\u00f1an a los clientes la importancia de ahorrar y otras decisiones financieras a lo largo de las etapas de la vida.<\/strong> La educaci\u00f3n financiera es vital para el trabajo de ayudar a los clientes a desarrollar la autosuficiencia.<\/p>\n<p><strong>Las Cuentas de Desarrollo Individual (Individual Development Accounts &#8211; IDAs) y las Cuentas de Ahorro para Ni\u00f1os tambi\u00e9n son administradas por CAASNM para inculcar h\u00e1bitos de ahorro para objetivos importantes de por vida, como comprar una casa, iniciar \/ expandir un negocio o buscar educaci\u00f3n.<\/strong><\/p>\n<p><strong>La preparaci\u00f3n gratuita de impuestos ocurre cada a\u00f1o durante la temporada de impuestos.<\/strong> Los preparadores de impuestos capacitados y certificados por el IRS en CAASNM ofrecen servicios gratuitos de preparaci\u00f3n de impuestos en ingl\u00e9s y espa\u00f1ol.<\/p>\n<p><strong>Business Development<\/strong>, specifically Small and Rural Business Development, is El Desarrollo de Negocios, espec\u00edficamente el Desarrollo de Peque\u00f1as Empresas y Negocios Rurales, es otro n\u00facleo de la misi\u00f3n de CAASNM. El Programa de Desarrollo de Peque\u00f1as Empresas apoya y hace crecer a las peque\u00f1as empresas rurales existentes.<\/p>\n<p><strong>Workforce development<\/strong> ensures that participants gain the skills they need in El desarrollo de la fuerza laboral garantiza que los participantes adquieran las habilidades que necesitan para ser miembros exitosos de la fuerza laboral moderna.<\/p>\n<\/div><\/div><\/div><\/div><\/div><div class=\"fusion-fullwidth fullwidth-box fusion-builder-row-3 fusion-flex-container nonhundred-percent-fullwidth non-hundred-percent-height-scrolling\" style=\"--awb-border-radius-top-left:0px;--awb-border-radius-top-right:0px;--awb-border-radius-bottom-right:0px;--awb-border-radius-bottom-left:0px;--awb-margin-top:-2%;--awb-flex-wrap:wrap;\" ><div class=\"fusion-builder-row fusion-row fusion-flex-align-items-center fusion-flex-justify-content-center fusion-flex-content-wrap\" style=\"max-width:1185.6px;margin-left: calc(-4% \/ 2 );margin-right: calc(-4% \/ 2 );\"><div class=\"fusion-layout-column fusion_builder_column fusion-builder-column-2 fusion_builder_column_1_1 1_1 fusion-flex-column\" style=\"--awb-bg-size:cover;--awb-width-large:100%;--awb-margin-top-large:0px;--awb-spacing-right-large:1.92%;--awb-margin-bottom-large:0px;--awb-spacing-left-large:1.92%;--awb-width-medium:100%;--awb-order-medium:0;--awb-spacing-right-medium:1.92%;--awb-spacing-left-medium:1.92%;--awb-width-small:100%;--awb-order-small:0;--awb-spacing-right-small:1.92%;--awb-spacing-left-small:1.92%;\"><div class=\"fusion-column-wrapper fusion-column-has-shadow fusion-flex-justify-content-flex-start fusion-content-layout-column\"><div class=\"fusion-section-separator section-separator hills-opacity fusion-section-separator-1\" style=\"--awb-spacer-padding-top:17.7734375%;--awb-svg-margin-left:1.92%;--awb-svg-margin-right:1.92%;--awb-svg-margin-left-medium:1.92%;--awb-svg-margin-right-medium:1.92%;--awb-svg-margin-left-small:1.92%;--awb-svg-margin-right-small:1.92%;--awb-sep-font-size:0;--awb-sep-line-height:0;\"><div class=\"fusion-section-separator-svg\"><svg class=\"fusion-hills-opacity-candy\" xmlns=\"http:\/\/www.w3.org\/2000\/svg\" version=\"1.1\" width=\"100%\" viewBox=\"0 -0.5 1024 182\" preserveAspectRatio=\"none\" fill=\"rgba(41,47,54,1)\"><path class=\"st0\" d=\"M0 182.086h1024V41.593c-28.058-21.504-60.109-37.581-97.075-37.581-112.845 0-198.144 93.798-289.792 93.798S437.658 6.777 351.846 6.777s-142.234 82.125-238.49 82.125c-63.078 0-75.776-31.744-113.357-53.658L0 182.086z\"\/>\n\t\t\t\t\t\t\t\t\t<path class=\"st1\" d=\"M1024 181.062v-75.878c-39.731 15.872-80.794 27.341-117.658 25.805-110.387-4.506-191.795-109.773-325.53-116.224-109.158-5.12-344.166 120.115-429.466 166.298H1024v-.001z\"\/>\n\t\t\t\t\t\t\t\t\t<path class=\"st2\" d=\"M0 182.086h1024V90.028C966.451 59.103 907.059 16.3 824.115 15.071 690.278 13.023 665.19 102.93 482.099 102.93S202.138-1.62 74.24.019C46.49.326 21.811 4.217 0 9.849v172.237z\"\/>\n\t\t\t\t\t\t\t\t\t<path class=\"st3\" d=\"M0 182.086h1024V80.505c-37.171 19.558-80.691 35.328-139.571 36.25-151.142 2.355-141.619-28.57-298.496-29.184s-138.854 47.002-305.459 43.725C132.813 128.428 91.238 44.563 0 28.179v153.907z\"\/>\n\t\t\t\t\t\t\t\t\t<path class=\"st4\" d=\"M0 182.086h1024v-77.312c-49.05 20.07-120.525 42.394-193.229 42.086-128.922-.512-159.846-72.294-255.795-72.294-89.088 0-134.656 80.179-245.043 82.022S169.063 99.346 49.971 97.401C32.768 97.094 16.077 99.244 0 103.135v78.951z\"\/>\n\t\t\t\t\t\t\t\t<\/svg><\/div><div class=\"fusion-section-separator-spacer\"><div class=\"fusion-section-separator-spacer-height\"><\/div><\/div><\/div><\/div><\/div><\/div><\/div>\n<\/p>\n","protected":false},"excerpt":{"rendered":"","protected":false},"author":1,"featured_media":0,"parent":0,"menu_order":0,"comment_status":"closed","ping_status":"closed","template":"100-width.php","meta":{"_acf_changed":false,"footnotes":""},"class_list":["post-2314","page","type-page","status-publish","hentry"],"acf":[],"yoast_head":"<!-- This site is optimized with the Yoast SEO plugin v27.5 - https:\/\/yoast.com\/product\/yoast-seo-wordpress\/ -->\n<title>EMPODERAMIENTO FAMILIAR - Community Action Agency of Southern New Mexico<\/title>\n<meta name=\"robots\" content=\"index, follow, max-snippet:-1, max-image-preview:large, max-video-preview:-1\" \/>\n<link rel=\"canonical\" href=\"https:\/\/www.caasnm.org\/es\/empoderamiento-familiar\/\" \/>\n<meta property=\"og:locale\" content=\"es_ES\" \/>\n<meta property=\"og:type\" content=\"article\" \/>\n<meta property=\"og:title\" content=\"EMPODERAMIENTO FAMILIAR - Community Action Agency of Southern New Mexico\" \/>\n<meta property=\"og:url\" content=\"https:\/\/www.caasnm.org\/es\/empoderamiento-familiar\/\" \/>\n<meta property=\"og:site_name\" content=\"Community Action Agency of Southern New Mexico\" \/>\n<meta property=\"article:modified_time\" content=\"2022-01-07T15:23:56+00:00\" \/>\n<meta name=\"twitter:card\" content=\"summary_large_image\" \/>\n<meta name=\"twitter:label1\" content=\"Tiempo de lectura\" \/>\n\t<meta name=\"twitter:data1\" content=\"8 minutos\" \/>\n<script type=\"application\/ld+json\" class=\"yoast-schema-graph\">{\"@context\":\"https:\\\/\\\/schema.org\",\"@graph\":[{\"@type\":\"WebPage\",\"@id\":\"https:\\\/\\\/www.caasnm.org\\\/es\\\/empoderamiento-familiar\\\/\",\"url\":\"https:\\\/\\\/www.caasnm.org\\\/es\\\/empoderamiento-familiar\\\/\",\"name\":\"EMPODERAMIENTO FAMILIAR - Community Action Agency of Southern New Mexico\",\"isPartOf\":{\"@id\":\"https:\\\/\\\/www.caasnm.org\\\/es\\\/#website\"},\"datePublished\":\"2022-01-06T19:10:14+00:00\",\"dateModified\":\"2022-01-07T15:23:56+00:00\",\"breadcrumb\":{\"@id\":\"https:\\\/\\\/www.caasnm.org\\\/es\\\/empoderamiento-familiar\\\/#breadcrumb\"},\"inLanguage\":\"es\",\"potentialAction\":[{\"@type\":\"ReadAction\",\"target\":[\"https:\\\/\\\/www.caasnm.org\\\/es\\\/empoderamiento-familiar\\\/\"]}]},{\"@type\":\"BreadcrumbList\",\"@id\":\"https:\\\/\\\/www.caasnm.org\\\/es\\\/empoderamiento-familiar\\\/#breadcrumb\",\"itemListElement\":[{\"@type\":\"ListItem\",\"position\":1,\"name\":\"Home\",\"item\":\"https:\\\/\\\/www.caasnm.org\\\/es\\\/\"},{\"@type\":\"ListItem\",\"position\":2,\"name\":\"EMPODERAMIENTO FAMILIAR\"}]},{\"@type\":\"WebSite\",\"@id\":\"https:\\\/\\\/www.caasnm.org\\\/es\\\/#website\",\"url\":\"https:\\\/\\\/www.caasnm.org\\\/es\\\/\",\"name\":\"Community Action Agency of Southern New Mexico\",\"description\":\"Thriving, Equitable Communities\",\"potentialAction\":[{\"@type\":\"SearchAction\",\"target\":{\"@type\":\"EntryPoint\",\"urlTemplate\":\"https:\\\/\\\/www.caasnm.org\\\/es\\\/?s={search_term_string}\"},\"query-input\":{\"@type\":\"PropertyValueSpecification\",\"valueRequired\":true,\"valueName\":\"search_term_string\"}}],\"inLanguage\":\"es\"}]}<\/script>\n<!-- \/ Yoast SEO plugin. -->","yoast_head_json":{"title":"EMPODERAMIENTO FAMILIAR - Community Action Agency of Southern New Mexico","robots":{"index":"index","follow":"follow","max-snippet":"max-snippet:-1","max-image-preview":"max-image-preview:large","max-video-preview":"max-video-preview:-1"},"canonical":"https:\/\/www.caasnm.org\/es\/empoderamiento-familiar\/","og_locale":"es_ES","og_type":"article","og_title":"EMPODERAMIENTO FAMILIAR - Community Action Agency of Southern New Mexico","og_url":"https:\/\/www.caasnm.org\/es\/empoderamiento-familiar\/","og_site_name":"Community Action Agency of Southern New Mexico","article_modified_time":"2022-01-07T15:23:56+00:00","twitter_card":"summary_large_image","twitter_misc":{"Tiempo de lectura":"8 minutos"},"schema":{"@context":"https:\/\/schema.org","@graph":[{"@type":"WebPage","@id":"https:\/\/www.caasnm.org\/es\/empoderamiento-familiar\/","url":"https:\/\/www.caasnm.org\/es\/empoderamiento-familiar\/","name":"EMPODERAMIENTO FAMILIAR - Community Action Agency of Southern New Mexico","isPartOf":{"@id":"https:\/\/www.caasnm.org\/es\/#website"},"datePublished":"2022-01-06T19:10:14+00:00","dateModified":"2022-01-07T15:23:56+00:00","breadcrumb":{"@id":"https:\/\/www.caasnm.org\/es\/empoderamiento-familiar\/#breadcrumb"},"inLanguage":"es","potentialAction":[{"@type":"ReadAction","target":["https:\/\/www.caasnm.org\/es\/empoderamiento-familiar\/"]}]},{"@type":"BreadcrumbList","@id":"https:\/\/www.caasnm.org\/es\/empoderamiento-familiar\/#breadcrumb","itemListElement":[{"@type":"ListItem","position":1,"name":"Home","item":"https:\/\/www.caasnm.org\/es\/"},{"@type":"ListItem","position":2,"name":"EMPODERAMIENTO FAMILIAR"}]},{"@type":"WebSite","@id":"https:\/\/www.caasnm.org\/es\/#website","url":"https:\/\/www.caasnm.org\/es\/","name":"Community Action Agency of Southern New Mexico","description":"Thriving, Equitable Communities","potentialAction":[{"@type":"SearchAction","target":{"@type":"EntryPoint","urlTemplate":"https:\/\/www.caasnm.org\/es\/?s={search_term_string}"},"query-input":{"@type":"PropertyValueSpecification","valueRequired":true,"valueName":"search_term_string"}}],"inLanguage":"es"}]}},"publishpress_future_action":{"enabled":false,"date":"2026-05-08 02:22:57","action":"change-status","newStatus":"draft","terms":[],"taxonomy":"translation_priority","extraData":[]},"publishpress_future_workflow_manual_trigger":{"enabledWorkflows":[]},"_links":{"self":[{"href":"https:\/\/www.caasnm.org\/es\/wp-json\/wp\/v2\/pages\/2314","targetHints":{"allow":["GET"]}}],"collection":[{"href":"https:\/\/www.caasnm.org\/es\/wp-json\/wp\/v2\/pages"}],"about":[{"href":"https:\/\/www.caasnm.org\/es\/wp-json\/wp\/v2\/types\/page"}],"author":[{"embeddable":true,"href":"https:\/\/www.caasnm.org\/es\/wp-json\/wp\/v2\/users\/1"}],"replies":[{"embeddable":true,"href":"https:\/\/www.caasnm.org\/es\/wp-json\/wp\/v2\/comments?post=2314"}],"version-history":[{"count":6,"href":"https:\/\/www.caasnm.org\/es\/wp-json\/wp\/v2\/pages\/2314\/revisions"}],"predecessor-version":[{"id":2382,"href":"https:\/\/www.caasnm.org\/es\/wp-json\/wp\/v2\/pages\/2314\/revisions\/2382"}],"wp:attachment":[{"href":"https:\/\/www.caasnm.org\/es\/wp-json\/wp\/v2\/media?parent=2314"}],"curies":[{"name":"wp","href":"https:\/\/api.w.org\/{rel}","templated":true}]}}